{"id":839,"date":"2020-04-28T07:03:26","date_gmt":"2020-04-28T07:03:26","guid":{"rendered":"https:\/\/shiftler.cymolthemes.com\/?page_id=839"},"modified":"2024-06-25T21:12:33","modified_gmt":"2024-06-25T18:12:33","slug":"blog-2","status":"publish","type":"page","link":"https:\/\/egemedet.com\/en\/blog-2\/","title":{"rendered":"Blog"},"content":{"rendered":"<div class=\"wpb-content-wrapper\">\n\n\n\n<div data-vc-full-width=\"true\" data-vc-full-width-init=\"false\" class=\"cmt-row wpb_row vc_row-fluid vc_custom_1608193295753 cmt-sboxresponsive-custom-52557009 cmt-zindex-0 cmt-bgimage-position-center_center\">\n\n\t\t\n\t <div class=\"vc_row container\"> \t\n\t\t\n\n<div class=\"wpb_column cmt-column vc_column_container vc_col-sm-12 cmt-zindex-0\">\n\t<div class=\"vc_column-inner\">\n\t\t\t\t<div class=\"wpb_wrapper\">\n\t\t\t<div class=\"cymolthemes-boxes cymolthemes-boxes-blog cymolthemes-boxes-view-default cymolthemes-boxes-col-three cymolthemes-boxes-sortable-no cymolthemes-boxes-textalign-center cmt-sboxcta3-rev-heading\">\n\t\t<div class=\"cymolthemes-boxes-inner cymolthemes-boxes-blog-inner\">\n\t\t\t\n\t\t\t<div class=\"row multi-columns-row cymolthemes-boxes-row-wrapper\">\n\t\t\t\t<div class=\"cmt-sboxbox-col-wrapper col-lg-4 col-sm-6 col-md-4 col-xs-12 lojistik\"><article class=\"cymolthemes-box cymolthemes-box-blog cymolthemes-blogbox-styleone cymolthemes-blogbox-format-\">\n\t<div class=\"post-item\">\n\t\t<div class=\"cymolthemes-box-content\">\t\t\t\n\t\t\t<div class=\"cmt-featured-outer-wrapper cmt-post-featured-outer-wrapper\">\n\t\t       \t\t\t\t\t\t\t\t<div class=\"cmt-post-categories\"><span class=\"cmt-meta-line cat-links\"><span class=\"screen-reader-text cmt-hide\">Categories <\/span><a href=\"https:\/\/egemedet.com\/en\/category\/lojistik\/\" rel=\"category tag\">Logistics<\/a><\/span><\/div>\n\t\t\t\t\t\t\t\t\t\t<div class=\"cmt-sboxfeatured-wrapper cmt-sboxpost-featured-wrapper cmt-sboxpost-format-\"><a href=\"https:\/\/egemedet.com\/en\/express-minivan-tasimacilik\/\"><img loading=\"lazy\" decoding=\"async\" width=\"720\" height=\"520\" src=\"https:\/\/egemedet.com\/wp-content\/uploads\/2020\/05\/express-minivan-720x520.webp\" class=\"attachment-cymolthemes-img-blog-top size-cymolthemes-img-blog-top wp-post-image\" alt=\"\" data-id=\"4271\" \/><\/a><\/div>\n\t\t\t<\/div>\t\t\n\t\t\t<div class=\"cymolthemes-box-desc\">\n\t\t\t\t<div class=\"cmt-sboxentry-meta-wrapper\"><div class=\"entry-meta cmt-sboxentry-meta cmt-sboxentry-meta-blogbox\"><span class=\"cmt-meta-line posted-on\"><i class=\"cmt-shiftler-icon-calendar-empty\"><\/i> <span class=\"screen-reader-text cmt-hide\">Posted on <\/span><a href=\"https:\/\/egemedet.com\/en\/express-minivan-tasimacilik\/\" rel=\"bookmark\"><time class=\"entry-date published\" datetime=\"2024-06-24T14:18:26+03:00\">24 June 2024<\/time><time class=\"updated cmt-hide\" datetime=\"2024-07-04T15:30:59+03:00\">4 July 2024<\/time><\/a><\/span><\/div><\/div>\t\t\t\t<div class=\"entry-header\">\n\t\t\t\t    <div class=\"cymolthemes-box-title\"><h4><a href=\"https:\/\/egemedet.com\/en\/express-minivan-tasimacilik\/\">Express Minivan Transportation<\/a><\/h4><\/div>\t\n\t\t\t\t<\/div>\t\n\t\t\t\t<div class=\"cymolthemes-box-desc-text\">Express Minivan Y\u00fck Ta\u015f\u0131mac\u0131l\u0131\u011f\u0131, \u015fehir i\u00e7i ve \u015fehirleraras\u0131 h\u0131zl\u0131 ve g\u00fcvenilir y\u00fck ta\u015f\u0131mac\u0131l\u0131\u011f...<\/div>\n\t\t\t\t<div class=\"cymolthemes-box-desc-footer\">\n\t\t\t\t\t<div class=\"cymolthemes-blogbox-desc-footer\">\n\t\t\t\t\t\t<div class=\"cymolthemes-blogbox-footer-left cymolthemes-wrap-cell cmt-vc_btn3\"><a href=\"https:\/\/egemedet.com\/en\/express-minivan-tasimacilik\/\">Read More<\/a><\/div>\t\t\t\t\t<\/div>\n\t\t\t\t<\/div>\t\t\t\t\t\n\t\t\t<\/div>\n        <\/div>\n\t<\/div>\n<\/article>\n\n\n<\/div><div class=\"cmt-sboxbox-col-wrapper col-lg-4 col-sm-6 col-md-4 col-xs-12 lojistik\"><article class=\"cymolthemes-box cymolthemes-box-blog cymolthemes-blogbox-styleone cymolthemes-blogbox-format-\">\n\t<div class=\"post-item\">\n\t\t<div class=\"cymolthemes-box-content\">\t\t\t\n\t\t\t<div class=\"cmt-featured-outer-wrapper cmt-post-featured-outer-wrapper\">\n\t\t       \t\t\t\t\t\t\t\t<div class=\"cmt-post-categories\"><span class=\"cmt-meta-line cat-links\"><span class=\"screen-reader-text cmt-hide\">Categories <\/span><a href=\"https:\/\/egemedet.com\/en\/category\/lojistik\/\" rel=\"category tag\">Logistics<\/a><\/span><\/div>\n\t\t\t\t\t\t\t\t\t\t<div class=\"cmt-sboxfeatured-wrapper cmt-sboxpost-featured-wrapper cmt-sboxpost-format-\"><a href=\"https:\/\/egemedet.com\/en\/havayolu-tasimaciligi\/\"><img loading=\"lazy\" decoding=\"async\" width=\"720\" height=\"520\" src=\"https:\/\/egemedet.com\/wp-content\/uploads\/2020\/04\/havayolu-blog-720x520.webp\" class=\"attachment-cymolthemes-img-blog-top size-cymolthemes-img-blog-top wp-post-image\" alt=\"\" data-id=\"4267\" \/><\/a><\/div>\n\t\t\t<\/div>\t\t\n\t\t\t<div class=\"cymolthemes-box-desc\">\n\t\t\t\t<div class=\"cmt-sboxentry-meta-wrapper\"><div class=\"entry-meta cmt-sboxentry-meta cmt-sboxentry-meta-blogbox\"><span class=\"cmt-meta-line posted-on\"><i class=\"cmt-shiftler-icon-calendar-empty\"><\/i> <span class=\"screen-reader-text cmt-hide\">Posted on <\/span><a href=\"https:\/\/egemedet.com\/en\/havayolu-tasimaciligi\/\" rel=\"bookmark\"><time class=\"entry-date published\" datetime=\"2024-06-24T13:44:34+03:00\">24 June 2024<\/time><time class=\"updated cmt-hide\" datetime=\"2024-07-04T15:31:39+03:00\">4 July 2024<\/time><\/a><\/span><\/div><\/div>\t\t\t\t<div class=\"entry-header\">\n\t\t\t\t    <div class=\"cymolthemes-box-title\"><h4><a href=\"https:\/\/egemedet.com\/en\/havayolu-tasimaciligi\/\">Airways Transporting<\/a><\/h4><\/div>\t\n\t\t\t\t<\/div>\t\n\t\t\t\t<div class=\"cymolthemes-box-desc-text\">Egemedet Ta\u015f\u0131mac\u0131l\u0131k, uluslararas\u0131 havayolu ta\u015f\u0131mac\u0131l\u0131\u011f\u0131 alan\u0131nda m\u00fc\u015fteri odakl\u0131 \u00e7\u00f6z\u00fcmler sunan k...<\/div>\n\t\t\t\t<div class=\"cymolthemes-box-desc-footer\">\n\t\t\t\t\t<div class=\"cymolthemes-blogbox-desc-footer\">\n\t\t\t\t\t\t<div class=\"cymolthemes-blogbox-footer-left cymolthemes-wrap-cell cmt-vc_btn3\"><a href=\"https:\/\/egemedet.com\/en\/havayolu-tasimaciligi\/\">Read More<\/a><\/div>\t\t\t\t\t<\/div>\n\t\t\t\t<\/div>\t\t\t\t\t\n\t\t\t<\/div>\n        <\/div>\n\t<\/div>\n<\/article>\n\n\n<\/div><div class=\"cmt-sboxbox-col-wrapper col-lg-4 col-sm-6 col-md-4 col-xs-12 lojistik\"><article class=\"cymolthemes-box cymolthemes-box-blog cymolthemes-blogbox-styleone cymolthemes-blogbox-format-\">\n\t<div class=\"post-item\">\n\t\t<div class=\"cymolthemes-box-content\">\t\t\t\n\t\t\t<div class=\"cmt-featured-outer-wrapper cmt-post-featured-outer-wrapper\">\n\t\t       \t\t\t\t\t\t\t\t<div class=\"cmt-post-categories\"><span class=\"cmt-meta-line cat-links\"><span class=\"screen-reader-text cmt-hide\">Categories <\/span><a href=\"https:\/\/egemedet.com\/en\/category\/lojistik\/\" rel=\"category tag\">Logistics<\/a><\/span><\/div>\n\t\t\t\t\t\t\t\t\t\t<div class=\"cmt-sboxfeatured-wrapper cmt-sboxpost-featured-wrapper cmt-sboxpost-format-\"><a href=\"https:\/\/egemedet.com\/en\/karayolu-tasimaciligi\/\"><img loading=\"lazy\" decoding=\"async\" width=\"720\" height=\"520\" src=\"https:\/\/egemedet.com\/wp-content\/uploads\/2020\/04\/karayolu-blog-720x520.webp\" class=\"attachment-cymolthemes-img-blog-top size-cymolthemes-img-blog-top wp-post-image\" alt=\"\" data-id=\"4264\" \/><\/a><\/div>\n\t\t\t<\/div>\t\t\n\t\t\t<div class=\"cymolthemes-box-desc\">\n\t\t\t\t<div class=\"cmt-sboxentry-meta-wrapper\"><div class=\"entry-meta cmt-sboxentry-meta cmt-sboxentry-meta-blogbox\"><span class=\"cmt-meta-line posted-on\"><i class=\"cmt-shiftler-icon-calendar-empty\"><\/i> <span class=\"screen-reader-text cmt-hide\">Posted on <\/span><a href=\"https:\/\/egemedet.com\/en\/karayolu-tasimaciligi\/\" rel=\"bookmark\"><time class=\"entry-date published\" datetime=\"2024-06-24T13:32:17+03:00\">24 June 2024<\/time><time class=\"updated cmt-hide\" datetime=\"2024-07-04T15:34:52+03:00\">4 July 2024<\/time><\/a><\/span><\/div><\/div>\t\t\t\t<div class=\"entry-header\">\n\t\t\t\t    <div class=\"cymolthemes-box-title\"><h4><a href=\"https:\/\/egemedet.com\/en\/karayolu-tasimaciligi\/\">Highway Transports<\/a><\/h4><\/div>\t\n\t\t\t\t<\/div>\t\n\t\t\t\t<div class=\"cymolthemes-box-desc-text\">Ege Medet Ta\u015f\u0131mac\u0131l\u0131k olarak, uluslararas\u0131 karayolu ta\u015f\u0131mac\u0131l\u0131\u011f\u0131 alan\u0131nda sundu\u011fumuz g\u00fcvenilir ve h\u0131...<\/div>\n\t\t\t\t<div class=\"cymolthemes-box-desc-footer\">\n\t\t\t\t\t<div class=\"cymolthemes-blogbox-desc-footer\">\n\t\t\t\t\t\t<div class=\"cymolthemes-blogbox-footer-left cymolthemes-wrap-cell cmt-vc_btn3\"><a href=\"https:\/\/egemedet.com\/en\/karayolu-tasimaciligi\/\">Read More<\/a><\/div>\t\t\t\t\t<\/div>\n\t\t\t\t<\/div>\t\t\t\t\t\n\t\t\t<\/div>\n        <\/div>\n\t<\/div>\n<\/article>\n\n\n<\/div>\n\t\t\t<\/div>\n\t\t<div class=\"clearfix\"><\/div><\/div><!-- .cymolthemes-boxes-inner -->   <\/div><!-- .cymolthemes-boxes -->  \t\t<\/div>\n\t<\/div>\n<\/div>\n\n\n\n\t\t\n\t <\/div> <\/div>\n\n\n<div class=\"vc_row-full-width vc_clearfix\"><\/div>\n\n\n\n\n\n<\/div>","protected":false},"excerpt":{"rendered":"Ege Medet Ta\u015f\u0131mac\u0131l\u0131k olarak, uluslararas\u0131 karayolu ta\u015f\u0131mac\u0131l\u0131\u011f\u0131 alan\u0131nda sundu\u011fumuz g\u00fcvenilir ve h\u0131zl\u0131 \u00e7\u00f6z\u00fcmlerle m\u00fc\u015fterilerimizin lojistik ihtiya\u00e7lar\u0131n\u0131 en iyi \u015fekilde kar\u015f\u0131l\u0131yoruz. Tecr\u00fcbeli ekibimiz ve geni\u015f ara\u00e7 filomuzla, y\u00fcklerinizi g\u00fcvenle ve zaman\u0131nda hedef noktaya ula\u015ft\u0131r\u0131yoruz. Uluslararas\u0131 karayolu ta\u015f\u0131mac\u0131l\u0131\u011f\u0131n\u0131n avantajlar\u0131ndan ve Ege Medet Ta\u015f\u0131mac\u0131l\u0131k olarak sundu\u011fumuz hizmetlerden bahsedelim. Uluslararas\u0131 Karayolu Ta\u015f\u0131mac\u0131l\u0131\u011f\u0131n\u0131n Avantajlar\u0131 1. Esneklik: Karayolu ta\u015f\u0131mac\u0131l\u0131\u011f\u0131, sundu\u011fu esneklik &hellip; <a href=\"https:\/\/egemedet.com\/en\/karayolu-tasimaciligi\/\" class=\"more-link\">Continue reading <span class=\"screen-reader-text\">Highway Transports<\/span><\/a>","protected":false},"author":1,"featured_media":0,"parent":0,"menu_order":0,"comment_status":"closed","ping_status":"closed","template":"","meta":{"_monsterinsights_skip_tracking":false,"_monsterinsights_sitenote_active":false,"_monsterinsights_sitenote_note":"","_monsterinsights_sitenote_category":0,"_joinchat":[],"footnotes":""},"class_list":["post-839","page","type-page","status-publish","hentry"],"_links":{"self":[{"href":"https:\/\/egemedet.com\/en\/wp-json\/wp\/v2\/pages\/839","targetHints":{"allow":["GET"]}}],"collection":[{"href":"https:\/\/egemedet.com\/en\/wp-json\/wp\/v2\/pages"}],"about":[{"href":"https:\/\/egemedet.com\/en\/wp-json\/wp\/v2\/types\/page"}],"author":[{"embeddable":true,"href":"https:\/\/egemedet.com\/en\/wp-json\/wp\/v2\/users\/1"}],"replies":[{"embeddable":true,"href":"https:\/\/egemedet.com\/en\/wp-json\/wp\/v2\/comments?post=839"}],"version-history":[{"count":2,"href":"https:\/\/egemedet.com\/en\/wp-json\/wp\/v2\/pages\/839\/revisions"}],"predecessor-version":[{"id":4408,"href":"https:\/\/egemedet.com\/en\/wp-json\/wp\/v2\/pages\/839\/revisions\/4408"}],"wp:attachment":[{"href":"https:\/\/egemedet.com\/en\/wp-json\/wp\/v2\/media?parent=839"}],"curies":[{"name":"wp","href":"https:\/\/api.w.org\/{rel}","templated":true}]}}