{"id":4357,"date":"2024-06-25T16:07:00","date_gmt":"2024-06-25T13:07:00","guid":{"rendered":"https:\/\/egemedet.com\/?page_id=4357"},"modified":"2024-06-25T16:07:27","modified_gmt":"2024-06-25T13:07:27","slug":"beyaz-esya","status":"publish","type":"page","link":"https:\/\/egemedet.com\/en\/beyaz-esya\/","title":{"rendered":"Household Appliances"},"content":{"rendered":"<div class=\"wpb-content-wrapper\"><section class=\"vc_section vc_custom_1719320144216\">\n\n\n\n<div class=\"cmt-row wpb_row vc_row-fluid cmt-zindex-0 vc_row container cmt-bgimage-position-center_center\">\n\n\t\t\n\t\t\n\t\t\n\n<div class=\"wpb_column cmt-column vc_column_container vc_col-sm-6 cmt-zindex-0\">\n\t<div class=\"vc_column-inner\">\n\t\t\t\t<div class=\"wpb_wrapper\">\n\t\t\t\n\t<div  class=\"wpb_single_image wpb_content_element vc_align_center wpb_content_element\">\n\t\t\n\t\t<figure class=\"wpb_wrapper vc_figure\">\n\t\t\t<div class=\"vc_single_image-wrapper vc_box_rounded  vc_box_border_grey\"><img loading=\"lazy\" decoding=\"async\" width=\"1200\" height=\"800\" src=\"https:\/\/egemedet.com\/wp-content\/uploads\/2024\/06\/beyaz-esya.webp\" class=\"vc_single_image-img attachment-full\" alt=\"\" title=\"beyaz-esya\" srcset=\"https:\/\/egemedet.com\/wp-content\/uploads\/2024\/06\/beyaz-esya.webp 1200w, https:\/\/egemedet.com\/wp-content\/uploads\/2024\/06\/beyaz-esya-300x200.webp 300w, https:\/\/egemedet.com\/wp-content\/uploads\/2024\/06\/beyaz-esya-1024x683.webp 1024w, https:\/\/egemedet.com\/wp-content\/uploads\/2024\/06\/beyaz-esya-768x512.webp 768w\" sizes=\"auto, (max-width: 1200px) 100vw, 1200px\" data-id=\"4358\" \/><\/div>\n\t\t<\/figure>\n\t<\/div>\n\t\t<\/div>\n\t<\/div>\n<\/div>\n\n\n\n\n\n<div class=\"wpb_column cmt-column vc_column_container vc_col-sm-6 cmt-zindex-0\">\n\t<div class=\"vc_column-inner\">\n\t\t\t\t<div class=\"wpb_wrapper\">\n\t\t\t<div class=\"cmt-element-heading-wrapper cmt-sboxheading-inner cmt-sboxelement-align-left cmt-seperator-none cmt-sboxheading-style-vertical\"><section class=\"cmt-sboxvc_cta3-container\"><div class=\"cmt-vc_general cmt-sboxvc_cta3 cmt-sboxcta3-only cmt-sboxvc_cta3-style-classic cmt-sboxvc_cta3-shape-rounded cmt-sboxvc_cta3-align-left cmt-sboxvc_cta3-color-transparent cmt-sboxvc_cta3-icon-size-md cmt-sboxvc_cta3-actions-no cmt-sboxcta3-with-desc\"><div class=\"cmt-vc_cta3_content-container\"><div class=\"cmt-vc_cta3-content\"><header class=\"cmt-vc_cta3-content-header cmt-section-wrapper\"><div class=\"cmt-sboxvc_cta3-headers cmt-section-wrapper-cell\"><h4 class=\"cmt-custom-heading\" >Ege Medet Beyaz E\u015fya Ta\u015f\u0131mac\u0131l\u0131\u011f\u0131<\/h4>\n<h2 class=\"cmt-custom-heading\" >Reliable and Precise Logistics Solutions<\/h2>\n<\/div><div class=\"heading-seperator\"><span><\/span><\/div><\/header><div class=\"cmt-sboxcta3-content-wrapper\"><p>White goods should be handled carefully due to their breakable and delicate nature. As Ege Medet Transportation, we ensure the safe transportation of your white goods with our specially trained personnel and modern transportation equipment. Each white goods goes through special packaging and protection processes before transportation. This prevents your products from being damaged during transportation and ensures safety.<\/p>\n<h4><\/h4>\n<p>.<\/p><\/div><\/div><\/div><\/div><\/section><\/div> <!-- .cmt-element-heading-wrapper container --> \r\n\t\t<div class=\"cmt-vc_btn3-container cmt-vc_btn3-inline\"><a class=\"cmt-vc_general cmt-vc_btn3 cmt-vc_btn3-size-md cmt-vc_btn3-shape-square cmt-vc_btn3-style-modern cmt-vc_btn3-weight-no cmt-vc_btn3-color-skincolor\" href=\"https:\/\/egemedet.com\/en\/teklif-al\/\" title=\"Teklif Al\">Get A Quote<\/a><\/div>\t\t<\/div>\n\t<\/div>\n<\/div>\n\n\n\n\t\t\n\t<\/div>\n\n\n\n\n\n\n\n<\/section>\n<\/div>","protected":false},"excerpt":{"rendered":"Ege Medet Beyaz E\u015fya Ta\u015f\u0131mac\u0131l\u0131\u011f\u0131 G\u00fcvenilir ve Hassas Lojistik \u00c7\u00f6z\u00fcmleri Beyaz e\u015fyalar, k\u0131r\u0131labilir ve hassas yap\u0131lar\u0131yla dikkatli bir \u015fekilde ta\u015f\u0131nmal\u0131d\u0131r. Ege Medet Ta\u015f\u0131mac\u0131l\u0131k olarak, \u00f6zel olarak e\u011fitilmi\u015f personelimiz ve modern ta\u015f\u0131ma ekipmanlar\u0131z ile beyaz e\u015fyalar\u0131n\u0131z\u0131n g\u00fcvenli bir \u015fekilde ta\u015f\u0131nmas\u0131n\u0131 sa\u011fl\u0131yoruz . Her bir beyaz e\u015fya, ta\u015f\u0131nma \u00f6ncesinde \u00f6zel ambalaj ve koruma i\u015flemlerinden ge\u00e7irilir. Bu, \u00fcr\u00fcnlerinizin &hellip; <a href=\"https:\/\/egemedet.com\/en\/beyaz-esya\/\" class=\"more-link\">Continue reading <span class=\"screen-reader-text\">Household Appliances<\/span><\/a>","protected":false},"author":1,"featured_media":0,"parent":0,"menu_order":0,"comment_status":"closed","ping_status":"closed","template":"","meta":{"_monsterinsights_skip_tracking":false,"_monsterinsights_sitenote_active":false,"_monsterinsights_sitenote_note":"","_monsterinsights_sitenote_category":0,"_joinchat":[],"footnotes":""},"class_list":["post-4357","page","type-page","status-publish","hentry"],"_links":{"self":[{"href":"https:\/\/egemedet.com\/en\/wp-json\/wp\/v2\/pages\/4357","targetHints":{"allow":["GET"]}}],"collection":[{"href":"https:\/\/egemedet.com\/en\/wp-json\/wp\/v2\/pages"}],"about":[{"href":"https:\/\/egemedet.com\/en\/wp-json\/wp\/v2\/types\/page"}],"author":[{"embeddable":true,"href":"https:\/\/egemedet.com\/en\/wp-json\/wp\/v2\/users\/1"}],"replies":[{"embeddable":true,"href":"https:\/\/egemedet.com\/en\/wp-json\/wp\/v2\/comments?post=4357"}],"version-history":[{"count":1,"href":"https:\/\/egemedet.com\/en\/wp-json\/wp\/v2\/pages\/4357\/revisions"}],"predecessor-version":[{"id":4359,"href":"https:\/\/egemedet.com\/en\/wp-json\/wp\/v2\/pages\/4357\/revisions\/4359"}],"wp:attachment":[{"href":"https:\/\/egemedet.com\/en\/wp-json\/wp\/v2\/media?parent=4357"}],"curies":[{"name":"wp","href":"https:\/\/api.w.org\/{rel}","templated":true}]}}