{"id":4353,"date":"2024-06-25T15:54:29","date_gmt":"2024-06-25T12:54:29","guid":{"rendered":"https:\/\/egemedet.com\/?page_id=4353"},"modified":"2024-06-25T15:54:29","modified_gmt":"2024-06-25T12:54:29","slug":"kimyasal","status":"publish","type":"page","link":"https:\/\/egemedet.com\/en\/kimyasal\/","title":{"rendered":"Chemical"},"content":{"rendered":"<div class=\"wpb-content-wrapper\"><section class=\"vc_section vc_custom_1719319884311\">\n\n\n\n<div class=\"cmt-row wpb_row vc_row-fluid cmt-zindex-0 vc_row container cmt-bgimage-position-center_center\">\n\n\t\t\n\t\t\n\t\t\n\n<div class=\"wpb_column cmt-column vc_column_container vc_col-sm-6 cmt-zindex-0\">\n\t<div class=\"vc_column-inner\">\n\t\t\t\t<div class=\"wpb_wrapper\">\n\t\t\t\n\t<div  class=\"wpb_single_image wpb_content_element vc_align_center wpb_content_element\">\n\t\t\n\t\t<figure class=\"wpb_wrapper vc_figure\">\n\t\t\t<div class=\"vc_single_image-wrapper vc_box_rounded  vc_box_border_grey\"><img loading=\"lazy\" decoding=\"async\" width=\"1200\" height=\"800\" src=\"https:\/\/egemedet.com\/wp-content\/uploads\/2024\/06\/kimyasal-madde.webp\" class=\"vc_single_image-img attachment-full\" alt=\"\" title=\"kimyasal-madde\" srcset=\"https:\/\/egemedet.com\/wp-content\/uploads\/2024\/06\/kimyasal-madde.webp 1200w, https:\/\/egemedet.com\/wp-content\/uploads\/2024\/06\/kimyasal-madde-300x200.webp 300w, https:\/\/egemedet.com\/wp-content\/uploads\/2024\/06\/kimyasal-madde-1024x683.webp 1024w, https:\/\/egemedet.com\/wp-content\/uploads\/2024\/06\/kimyasal-madde-768x512.webp 768w\" sizes=\"auto, (max-width: 1200px) 100vw, 1200px\" data-id=\"4354\" \/><\/div>\n\t\t<\/figure>\n\t<\/div>\n\t\t<\/div>\n\t<\/div>\n<\/div>\n\n\n\n\n\n<div class=\"wpb_column cmt-column vc_column_container vc_col-sm-6 cmt-zindex-0\">\n\t<div class=\"vc_column-inner\">\n\t\t\t\t<div class=\"wpb_wrapper\">\n\t\t\t<div class=\"cmt-element-heading-wrapper cmt-sboxheading-inner cmt-sboxelement-align-left cmt-seperator-none cmt-sboxheading-style-vertical\"><section class=\"cmt-sboxvc_cta3-container\"><div class=\"cmt-vc_general cmt-sboxvc_cta3 cmt-sboxcta3-only cmt-sboxvc_cta3-style-classic cmt-sboxvc_cta3-shape-rounded cmt-sboxvc_cta3-align-left cmt-sboxvc_cta3-color-transparent cmt-sboxvc_cta3-icon-size-md cmt-sboxvc_cta3-actions-no cmt-sboxcta3-with-desc\"><div class=\"cmt-vc_cta3_content-container\"><div class=\"cmt-vc_cta3-content\"><header class=\"cmt-vc_cta3-content-header cmt-section-wrapper\"><div class=\"cmt-sboxvc_cta3-headers cmt-section-wrapper-cell\"><h4 class=\"cmt-custom-heading\" >Ege Medet Chemical Product Transportation<\/h4>\n<h2 class=\"cmt-custom-heading\" >Reliable and Security Oriented Logistics Solutions<\/h2>\n<\/div><div class=\"heading-seperator\"><span><\/span><\/div><\/header><div class=\"cmt-sboxcta3-content-wrapper\"><p>Transporting chemical products requires special attention in terms of safety and risk management. Ege Medet Transportation offers safe transportation solutions using modern transportation vehicles and special equipment equipped with safety standards. Chemical products can often fall into the category of hazardous materials and require special permits and compliance with regulations during the transportation process. Ege Medet Transportation manages these processes meticulously and acts in accordance with all legal requirements. As Ege Medet, we have the capacity to safely transport your chemical products both nationally and internationally. We offer a wide logistics network with air and road transportation options.<\/p><\/div><\/div><\/div><\/div><\/section><\/div> <!-- .cmt-element-heading-wrapper container --> \r\n\t\t<div class=\"cmt-vc_btn3-container cmt-vc_btn3-inline\"><a class=\"cmt-vc_general cmt-vc_btn3 cmt-vc_btn3-size-md cmt-vc_btn3-shape-square cmt-vc_btn3-style-modern cmt-vc_btn3-weight-no cmt-vc_btn3-color-skincolor\" href=\"https:\/\/egemedet.com\/en\/teklif-al\/\" title=\"Teklif Al\">Get A Quote<\/a><\/div>\t\t<\/div>\n\t<\/div>\n<\/div>\n\n\n\n\t\t\n\t<\/div>\n\n\n\n\n\n\n\n<\/section>\n<\/div>","protected":false},"excerpt":{"rendered":"Ege Medet Kimyasal \u00dcr\u00fcn Ta\u015f\u0131mac\u0131l\u0131\u011f\u0131 G\u00fcvenilir ve G\u00fcvenlik Odakl\u0131 Lojistik \u00c7\u00f6z\u00fcmleri Kimyasal \u00fcr\u00fcnlerin ta\u015f\u0131nmas\u0131, g\u00fcvenlik ve risk y\u00f6netimi a\u00e7\u0131s\u0131ndan \u00f6zel dikkat gerektirir. Ege Medet Ta\u015f\u0131mac\u0131l\u0131k, modern ta\u015f\u0131ma ara\u00e7lar\u0131 ve g\u00fcvenlik standartlar\u0131yla donat\u0131lm\u0131\u015f \u00f6zel ekipmanlar\u0131 kullanarak g\u00fcvenli ta\u015f\u0131ma \u00e7\u00f6z\u00fcmleri sunar. Kimyasal \u00fcr\u00fcnler genellikle tehlikeli madde kategorisine girebilir ve ta\u015f\u0131mac\u0131l\u0131k s\u00fcrecinde \u00f6zel izinler ve y\u00f6netmeliklere uygunluk gerektirir. &hellip; <a href=\"https:\/\/egemedet.com\/en\/kimyasal\/\" class=\"more-link\">Continue reading <span class=\"screen-reader-text\">Chemical<\/span><\/a>","protected":false},"author":1,"featured_media":0,"parent":0,"menu_order":0,"comment_status":"closed","ping_status":"closed","template":"","meta":{"_monsterinsights_skip_tracking":false,"_monsterinsights_sitenote_active":false,"_monsterinsights_sitenote_note":"","_monsterinsights_sitenote_category":0,"_joinchat":[],"footnotes":""},"class_list":["post-4353","page","type-page","status-publish","hentry"],"_links":{"self":[{"href":"https:\/\/egemedet.com\/en\/wp-json\/wp\/v2\/pages\/4353","targetHints":{"allow":["GET"]}}],"collection":[{"href":"https:\/\/egemedet.com\/en\/wp-json\/wp\/v2\/pages"}],"about":[{"href":"https:\/\/egemedet.com\/en\/wp-json\/wp\/v2\/types\/page"}],"author":[{"embeddable":true,"href":"https:\/\/egemedet.com\/en\/wp-json\/wp\/v2\/users\/1"}],"replies":[{"embeddable":true,"href":"https:\/\/egemedet.com\/en\/wp-json\/wp\/v2\/comments?post=4353"}],"version-history":[{"count":2,"href":"https:\/\/egemedet.com\/en\/wp-json\/wp\/v2\/pages\/4353\/revisions"}],"predecessor-version":[{"id":4356,"href":"https:\/\/egemedet.com\/en\/wp-json\/wp\/v2\/pages\/4353\/revisions\/4356"}],"wp:attachment":[{"href":"https:\/\/egemedet.com\/en\/wp-json\/wp\/v2\/media?parent=4353"}],"curies":[{"name":"wp","href":"https:\/\/api.w.org\/{rel}","templated":true}]}}