{"id":4340,"date":"2024-06-25T15:38:07","date_gmt":"2024-06-25T12:38:07","guid":{"rendered":"https:\/\/egemedet.com\/?page_id=4340"},"modified":"2024-06-25T15:38:07","modified_gmt":"2024-06-25T12:38:07","slug":"gida","status":"publish","type":"page","link":"https:\/\/egemedet.com\/en\/gida\/","title":{"rendered":"Food"},"content":{"rendered":"<div class=\"wpb-content-wrapper\"><section class=\"vc_section vc_custom_1719318941699\">\n\n\n\n<div class=\"cmt-row wpb_row vc_row-fluid cmt-zindex-0 vc_row container cmt-bgimage-position-center_center\">\n\n\t\t\n\t\t\n\t\t\n\n<div class=\"wpb_column cmt-column vc_column_container vc_col-sm-6 cmt-zindex-0\">\n\t<div class=\"vc_column-inner\">\n\t\t\t\t<div class=\"wpb_wrapper\">\n\t\t\t\n\t<div  class=\"wpb_single_image wpb_content_element vc_align_center wpb_content_element\">\n\t\t\n\t\t<figure class=\"wpb_wrapper vc_figure\">\n\t\t\t<div class=\"vc_single_image-wrapper vc_box_rounded  vc_box_border_grey\"><img loading=\"lazy\" decoding=\"async\" width=\"1200\" height=\"800\" src=\"https:\/\/egemedet.com\/wp-content\/uploads\/2024\/06\/gida.webp\" class=\"vc_single_image-img attachment-full\" alt=\"\" title=\"g\u0131da\" srcset=\"https:\/\/egemedet.com\/wp-content\/uploads\/2024\/06\/gida.webp 1200w, https:\/\/egemedet.com\/wp-content\/uploads\/2024\/06\/gida-300x200.webp 300w, https:\/\/egemedet.com\/wp-content\/uploads\/2024\/06\/gida-1024x683.webp 1024w, https:\/\/egemedet.com\/wp-content\/uploads\/2024\/06\/gida-768x512.webp 768w\" sizes=\"auto, (max-width: 1200px) 100vw, 1200px\" data-id=\"4341\" \/><\/div>\n\t\t<\/figure>\n\t<\/div>\n\t\t<\/div>\n\t<\/div>\n<\/div>\n\n\n\n\n\n<div class=\"wpb_column cmt-column vc_column_container vc_col-sm-6 cmt-zindex-0\">\n\t<div class=\"vc_column-inner\">\n\t\t\t\t<div class=\"wpb_wrapper\">\n\t\t\t<div class=\"cmt-element-heading-wrapper cmt-sboxheading-inner cmt-sboxelement-align-left cmt-seperator-none cmt-sboxheading-style-vertical\"><section class=\"cmt-sboxvc_cta3-container\"><div class=\"cmt-vc_general cmt-sboxvc_cta3 cmt-sboxcta3-only cmt-sboxvc_cta3-style-classic cmt-sboxvc_cta3-shape-rounded cmt-sboxvc_cta3-align-left cmt-sboxvc_cta3-color-transparent cmt-sboxvc_cta3-icon-size-md cmt-sboxvc_cta3-actions-no cmt-sboxcta3-with-desc\"><div class=\"cmt-vc_cta3_content-container\"><div class=\"cmt-vc_cta3-content\"><header class=\"cmt-vc_cta3-content-header cmt-section-wrapper\"><div class=\"cmt-sboxvc_cta3-headers cmt-section-wrapper-cell\"><h4 class=\"cmt-custom-heading\" >Ege Medet Food Transportation<\/h4>\n<h2 class=\"cmt-custom-heading\" >Reliable and Hygienic Logistics Solutions<\/h2>\n<\/div><div class=\"heading-seperator\"><span><\/span><\/div><\/header><div class=\"cmt-sboxcta3-content-wrapper\"><p>Food transportation is an area that requires sensitivity, especially regarding hygiene, security and timing, and Ege Medet offers quality solutions in this regard. Hygiene is a priority factor in food transportation. Ege Medet uses specially designed hygienic transportation vehicles to ensure the safety and freshness of food products. Maintaining the cold chain is critical for sensitive food products. With modern cold chain transportation technologies, Ege Medet transports your products within the specified temperature range and keeps them fresh.<\/p>\n<h4><\/h4>\n<p><\/div><\/div><\/div><\/div><\/section><\/div> <!-- .cmt-element-heading-wrapper container --> \r\n\t\t<div class=\"cmt-vc_btn3-container cmt-vc_btn3-inline\"><a class=\"cmt-vc_general cmt-vc_btn3 cmt-vc_btn3-size-md cmt-vc_btn3-shape-square cmt-vc_btn3-style-modern cmt-vc_btn3-weight-no cmt-vc_btn3-color-skincolor\" href=\"https:\/\/egemedet.com\/en\/teklif-al\/\" title=\"Teklif Al\">Get A Quote<\/a><\/div>\t\t<\/div>\n\t<\/div>\n<\/div>\n\n\n\n\t\t\n\t<\/div>\n\n\n\n\n\n\n\n<\/section>\n<\/div>","protected":false},"excerpt":{"rendered":"Ege Medet G\u0131da Ta\u015f\u0131mac\u0131l\u0131\u011f\u0131 G\u00fcvenilir ve Hijyenik Lojistik \u00c7\u00f6z\u00fcmleri G\u0131da ta\u015f\u0131mac\u0131l\u0131\u011f\u0131, \u00f6zellikle hijyen, g\u00fcvenlik ve zamanlama konular\u0131nda hassasiyet gerektiren bir aland\u0131r ve Ege Medet bu konuda kaliteli \u00e7\u00f6z\u00fcmler sunmaktad\u0131r.G\u0131da ta\u015f\u0131mac\u0131l\u0131\u011f\u0131nda hijyen \u00f6ncelikli bir fakt\u00f6rd\u00fcr. Ege Medet, g\u0131da \u00fcr\u00fcnlerinin g\u00fcvenli\u011fi ve tazeliklerinin korunmas\u0131 i\u00e7in \u00f6zel olarak tasarlanm\u0131\u015f hijyenik ta\u015f\u0131ma ara\u00e7lar\u0131 kullan\u0131r.Hassas g\u0131da \u00fcr\u00fcnleri i\u00e7in so\u011fuk zincirin &hellip; <a href=\"https:\/\/egemedet.com\/en\/gida\/\" class=\"more-link\">Continue reading <span class=\"screen-reader-text\">Food<\/span><\/a>","protected":false},"author":1,"featured_media":0,"parent":0,"menu_order":0,"comment_status":"closed","ping_status":"closed","template":"","meta":{"_monsterinsights_skip_tracking":false,"_monsterinsights_sitenote_active":false,"_monsterinsights_sitenote_note":"","_monsterinsights_sitenote_category":0,"_joinchat":[],"footnotes":""},"class_list":["post-4340","page","type-page","status-publish","hentry"],"_links":{"self":[{"href":"https:\/\/egemedet.com\/en\/wp-json\/wp\/v2\/pages\/4340","targetHints":{"allow":["GET"]}}],"collection":[{"href":"https:\/\/egemedet.com\/en\/wp-json\/wp\/v2\/pages"}],"about":[{"href":"https:\/\/egemedet.com\/en\/wp-json\/wp\/v2\/types\/page"}],"author":[{"embeddable":true,"href":"https:\/\/egemedet.com\/en\/wp-json\/wp\/v2\/users\/1"}],"replies":[{"embeddable":true,"href":"https:\/\/egemedet.com\/en\/wp-json\/wp\/v2\/comments?post=4340"}],"version-history":[{"count":5,"href":"https:\/\/egemedet.com\/en\/wp-json\/wp\/v2\/pages\/4340\/revisions"}],"predecessor-version":[{"id":4346,"href":"https:\/\/egemedet.com\/en\/wp-json\/wp\/v2\/pages\/4340\/revisions\/4346"}],"wp:attachment":[{"href":"https:\/\/egemedet.com\/en\/wp-json\/wp\/v2\/media?parent=4340"}],"curies":[{"name":"wp","href":"https:\/\/api.w.org\/{rel}","templated":true}]}}