{"id":4335,"date":"2024-06-25T15:23:06","date_gmt":"2024-06-25T12:23:06","guid":{"rendered":"https:\/\/egemedet.com\/?page_id=4335"},"modified":"2024-06-25T15:23:06","modified_gmt":"2024-06-25T12:23:06","slug":"insaat","status":"publish","type":"page","link":"https:\/\/egemedet.com\/en\/insaat\/","title":{"rendered":"Building"},"content":{"rendered":"<div class=\"wpb-content-wrapper\"><section class=\"vc_section vc_custom_1719317705021\">\n\n\n\n<div class=\"cmt-row wpb_row vc_row-fluid cmt-zindex-0 vc_row container cmt-bgimage-position-center_center\">\n\n\t\t\n\t\t\n\t\t\n\n<div class=\"wpb_column cmt-column vc_column_container vc_col-sm-6 cmt-zindex-0\">\n\t<div class=\"vc_column-inner\">\n\t\t\t\t<div class=\"wpb_wrapper\">\n\t\t\t\n\t<div  class=\"wpb_single_image wpb_content_element vc_align_center wpb_content_element\">\n\t\t\n\t\t<figure class=\"wpb_wrapper vc_figure\">\n\t\t\t<div class=\"vc_single_image-wrapper vc_box_rounded  vc_box_border_grey\"><img loading=\"lazy\" decoding=\"async\" width=\"1200\" height=\"800\" src=\"https:\/\/egemedet.com\/wp-content\/uploads\/2024\/06\/Insaat.png\" class=\"vc_single_image-img attachment-full\" alt=\"\" title=\"\u0130nsaat\" srcset=\"https:\/\/egemedet.com\/wp-content\/uploads\/2024\/06\/Insaat.png 1200w, https:\/\/egemedet.com\/wp-content\/uploads\/2024\/06\/Insaat-300x200.png 300w, https:\/\/egemedet.com\/wp-content\/uploads\/2024\/06\/Insaat-1024x683.png 1024w, https:\/\/egemedet.com\/wp-content\/uploads\/2024\/06\/Insaat-768x512.png 768w\" sizes=\"auto, (max-width: 1200px) 100vw, 1200px\" data-id=\"4336\" \/><\/div>\n\t\t<\/figure>\n\t<\/div>\n\t\t<\/div>\n\t<\/div>\n<\/div>\n\n\n\n\n\n<div class=\"wpb_column cmt-column vc_column_container vc_col-sm-6 cmt-zindex-0\">\n\t<div class=\"vc_column-inner\">\n\t\t\t\t<div class=\"wpb_wrapper\">\n\t\t\t<div class=\"cmt-element-heading-wrapper cmt-sboxheading-inner cmt-sboxelement-align-left cmt-seperator-none cmt-sboxheading-style-vertical\"><section class=\"cmt-sboxvc_cta3-container\"><div class=\"cmt-vc_general cmt-sboxvc_cta3 cmt-sboxcta3-only cmt-sboxvc_cta3-style-classic cmt-sboxvc_cta3-shape-rounded cmt-sboxvc_cta3-align-left cmt-sboxvc_cta3-color-transparent cmt-sboxvc_cta3-icon-size-md cmt-sboxvc_cta3-actions-no cmt-sboxcta3-with-desc\"><div class=\"cmt-vc_cta3_content-container\"><div class=\"cmt-vc_cta3-content\"><header class=\"cmt-vc_cta3-content-header cmt-section-wrapper\"><div class=\"cmt-sboxvc_cta3-headers cmt-section-wrapper-cell\"><h4 class=\"cmt-custom-heading\" >Ege Medet Construction Transportation<\/h4>\n<h2 class=\"cmt-custom-heading\" >Reliable and Professional Logistics Solutions<\/h2>\n<\/div><div class=\"heading-seperator\"><span><\/span><\/div><\/header><div class=\"cmt-sboxcta3-content-wrapper\"><p>Ege Medet offers various transportation services to its customers with its experience and expertise in the industrial sector. Ege Medet is a reliable solution partner for the construction industry, especially when large and heavy equipment needs to be transported. Transporting large equipment used in the construction industry requires specially equipped vehicles and experienced operators. Ege Medet provides this service using modern transportation vehicles and special equipment equipped with security standards.<\/p>\n<h4><\/h4>\n<p><\/div><\/div><\/div><\/div><\/section><\/div> <!-- .cmt-element-heading-wrapper container --> \r\n\t\t<div class=\"cmt-vc_btn3-container cmt-vc_btn3-inline\"><a class=\"cmt-vc_general cmt-vc_btn3 cmt-vc_btn3-size-md cmt-vc_btn3-shape-square cmt-vc_btn3-style-modern cmt-vc_btn3-weight-no cmt-vc_btn3-color-skincolor\" href=\"\" title=\"\">Get A Quote<\/a><\/div>\t\t<\/div>\n\t<\/div>\n<\/div>\n\n\n\n\t\t\n\t<\/div>\n\n\n\n\n\n\n\n<\/section>\n<\/div>","protected":false},"excerpt":{"rendered":"Ege Medet \u0130n\u015faat Ta\u015f\u0131mac\u0131l\u0131\u011f\u0131 G\u00fcvenilir ve Profesyonel Lojistik \u00c7\u00f6z\u00fcmleri Ege Medet, end\u00fcstriyel sekt\u00f6rdeki deneyimi ve uzmanl\u0131\u011f\u0131yla m\u00fc\u015fterilerine \u00e7e\u015fitli ta\u015f\u0131mac\u0131l\u0131k hizmetleri sunmaktad\u0131r. \u0130n\u015faat sekt\u00f6r\u00fc i\u00e7in \u00f6zellikle b\u00fcy\u00fck ve a\u011f\u0131r ekipmanlar\u0131n ta\u015f\u0131nmas\u0131 gereken durumlarda, Ege Medet g\u00fcvenilir bir \u00e7\u00f6z\u00fcm orta\u011f\u0131d\u0131r. \u0130n\u015faat sekt\u00f6r\u00fcnde kullan\u0131lan b\u00fcy\u00fck ekipmanlar\u0131n ta\u015f\u0131nmas\u0131, \u00f6zel donan\u0131ml\u0131 ara\u00e7lar ve deneyimli operat\u00f6rler gerektirir. Ege Medet, modern ta\u015f\u0131ma &hellip; <a href=\"https:\/\/egemedet.com\/en\/insaat\/\" class=\"more-link\">Continue reading <span class=\"screen-reader-text\">Building<\/span><\/a>","protected":false},"author":1,"featured_media":0,"parent":0,"menu_order":0,"comment_status":"closed","ping_status":"closed","template":"","meta":{"_monsterinsights_skip_tracking":false,"_monsterinsights_sitenote_active":false,"_monsterinsights_sitenote_note":"","_monsterinsights_sitenote_category":0,"_joinchat":[],"footnotes":""},"class_list":["post-4335","page","type-page","status-publish","hentry"],"_links":{"self":[{"href":"https:\/\/egemedet.com\/en\/wp-json\/wp\/v2\/pages\/4335","targetHints":{"allow":["GET"]}}],"collection":[{"href":"https:\/\/egemedet.com\/en\/wp-json\/wp\/v2\/pages"}],"about":[{"href":"https:\/\/egemedet.com\/en\/wp-json\/wp\/v2\/types\/page"}],"author":[{"embeddable":true,"href":"https:\/\/egemedet.com\/en\/wp-json\/wp\/v2\/users\/1"}],"replies":[{"embeddable":true,"href":"https:\/\/egemedet.com\/en\/wp-json\/wp\/v2\/comments?post=4335"}],"version-history":[{"count":3,"href":"https:\/\/egemedet.com\/en\/wp-json\/wp\/v2\/pages\/4335\/revisions"}],"predecessor-version":[{"id":4339,"href":"https:\/\/egemedet.com\/en\/wp-json\/wp\/v2\/pages\/4335\/revisions\/4339"}],"wp:attachment":[{"href":"https:\/\/egemedet.com\/en\/wp-json\/wp\/v2\/media?parent=4335"}],"curies":[{"name":"wp","href":"https:\/\/api.w.org\/{rel}","templated":true}]}}