{"id":4327,"date":"2024-06-25T15:08:30","date_gmt":"2024-06-25T12:08:30","guid":{"rendered":"https:\/\/egemedet.com\/?page_id=4327"},"modified":"2024-06-25T16:10:32","modified_gmt":"2024-06-25T13:10:32","slug":"tekstil","status":"publish","type":"page","link":"https:\/\/egemedet.com\/en\/tekstil\/","title":{"rendered":"Textile"},"content":{"rendered":"<div class=\"wpb-content-wrapper\"><section class=\"vc_section\">\n\n\n\n<div class=\"cmt-row wpb_row vc_row-fluid cmt-zindex-0 vc_row container cmt-bgimage-position-center_center\">\n\n\t\t\n\t\t\n\t\t\n\n<div class=\"wpb_column cmt-column vc_column_container vc_col-sm-6 cmt-zindex-0\">\n\t<div class=\"vc_column-inner\">\n\t\t\t\t<div class=\"wpb_wrapper\">\n\t\t\t\n\t<div  class=\"wpb_single_image wpb_content_element vc_align_center wpb_content_element\">\n\t\t\n\t\t<figure class=\"wpb_wrapper vc_figure\">\n\t\t\t<div class=\"vc_single_image-wrapper vc_box_rounded  vc_box_border_grey\"><img loading=\"lazy\" decoding=\"async\" width=\"1200\" height=\"800\" src=\"https:\/\/egemedet.com\/wp-content\/uploads\/2024\/06\/tekstil.webp\" class=\"vc_single_image-img attachment-full\" alt=\"\" title=\"tekstil\" srcset=\"https:\/\/egemedet.com\/wp-content\/uploads\/2024\/06\/tekstil.webp 1200w, https:\/\/egemedet.com\/wp-content\/uploads\/2024\/06\/tekstil-300x200.webp 300w, https:\/\/egemedet.com\/wp-content\/uploads\/2024\/06\/tekstil-1024x683.webp 1024w, https:\/\/egemedet.com\/wp-content\/uploads\/2024\/06\/tekstil-768x512.webp 768w\" sizes=\"auto, (max-width: 1200px) 100vw, 1200px\" data-id=\"4328\" \/><\/div>\n\t\t<\/figure>\n\t<\/div>\n\t\t<\/div>\n\t<\/div>\n<\/div>\n\n\n\n\n\n<div class=\"wpb_column cmt-column vc_column_container vc_col-sm-6 cmt-zindex-0\">\n\t<div class=\"vc_column-inner\">\n\t\t\t\t<div class=\"wpb_wrapper\">\n\t\t\t<div class=\"cmt-element-heading-wrapper cmt-sboxheading-inner cmt-sboxelement-align-left cmt-seperator-none cmt-sboxheading-style-vertical\"><section class=\"cmt-sboxvc_cta3-container\"><div class=\"cmt-vc_general cmt-sboxvc_cta3 cmt-sboxcta3-only cmt-sboxvc_cta3-style-classic cmt-sboxvc_cta3-shape-rounded cmt-sboxvc_cta3-align-left cmt-sboxvc_cta3-color-transparent cmt-sboxvc_cta3-icon-size-md cmt-sboxvc_cta3-actions-no cmt-sboxcta3-with-desc\"><div class=\"cmt-vc_cta3_content-container\"><div class=\"cmt-vc_cta3-content\"><header class=\"cmt-vc_cta3-content-header cmt-section-wrapper\"><div class=\"cmt-sboxvc_cta3-headers cmt-section-wrapper-cell\"><h4 class=\"cmt-custom-heading\" >G\u00fcvenilir ve H\u0131zl\u0131 Lojistik \u00c7\u00f6z\u00fcmler<\/h4>\n<h2 class=\"cmt-custom-heading\" >Ege Medet Tekstil Ta\u015f\u0131mac\u0131l\u0131\u011f\u0131<\/h2>\n<\/div><div class=\"heading-seperator\"><span><\/span><\/div><\/header><div class=\"cmt-sboxcta3-content-wrapper\"><p>Ege Medet offers reliable and fast logistics solutions with the transportation services it offers to its customers in the textile industry. With our experienced team and modern transportation vehicles, we ensure the transportation of textile products in the best possible way and produce customized solutions suitable for the needs of your industry. The safety of textile products is a priority for us. With our closed transportation service, we transport your valuable and sensitive textile products, completely protecting them from external factors. Our specially designed closed transportation vehicles keep the safety of your products at the highest level.<\/p><\/div><\/div><\/div><\/div><\/section><\/div> <!-- .cmt-element-heading-wrapper container --> \r\n\t\t<div class=\"cmt-vc_btn3-container cmt-vc_btn3-inline\"><a class=\"cmt-vc_general cmt-vc_btn3 cmt-vc_btn3-size-md cmt-vc_btn3-shape-square cmt-vc_btn3-style-modern cmt-vc_btn3-weight-no cmt-vc_btn3-color-skincolor\" href=\"https:\/\/egemedet.com\/en\/teklif-al\/\" title=\"Teklif Al\">Get A Quote<\/a><\/div>\t\t<\/div>\n\t<\/div>\n<\/div>\n\n\n\n\t\t\n\t<\/div>\n\n\n\n\n\n\n\n<\/section>\n<\/div>","protected":false},"excerpt":{"rendered":"G\u00fcvenilir ve H\u0131zl\u0131 Lojistik \u00c7\u00f6z\u00fcmler Ege Medet Tekstil Ta\u015f\u0131mac\u0131l\u0131\u011f\u0131 Ege Medet, tekstil sekt\u00f6r\u00fcndeki m\u00fc\u015fterilerine y\u00f6nelik sundu\u011fu ta\u015f\u0131mac\u0131l\u0131k hizmetleriyle, g\u00fcvenilir ve h\u0131zl\u0131 lojistik \u00e7\u00f6z\u00fcmler sunmaktad\u0131r. Deneyimli ekibimiz ve modern ta\u015f\u0131ma ara\u00e7lar\u0131m\u0131zla, tekstil \u00fcr\u00fcnlerinin en iyi \u015fekilde ta\u015f\u0131nmas\u0131n\u0131 sa\u011fl\u0131yor, sekt\u00f6r\u00fcn\u00fcz\u00fcn ihtiya\u00e7lar\u0131na uygun \u00f6zelle\u015ftirilmi\u015f \u00e7\u00f6z\u00fcmler \u00fcretiyoruz.Tekstil \u00fcr\u00fcnlerinin g\u00fcvenli\u011fi bizim i\u00e7in \u00f6nceliklidir. Kapal\u0131 ta\u015f\u0131ma hizmetimizle, de\u011ferli ve hassas tekstil &hellip; <a href=\"https:\/\/egemedet.com\/en\/tekstil\/\" class=\"more-link\">Continue reading <span class=\"screen-reader-text\">Textile<\/span><\/a>","protected":false},"author":1,"featured_media":0,"parent":0,"menu_order":0,"comment_status":"closed","ping_status":"closed","template":"","meta":{"_monsterinsights_skip_tracking":false,"_monsterinsights_sitenote_active":false,"_monsterinsights_sitenote_note":"","_monsterinsights_sitenote_category":0,"_joinchat":[],"footnotes":""},"class_list":["post-4327","page","type-page","status-publish","hentry"],"_links":{"self":[{"href":"https:\/\/egemedet.com\/en\/wp-json\/wp\/v2\/pages\/4327","targetHints":{"allow":["GET"]}}],"collection":[{"href":"https:\/\/egemedet.com\/en\/wp-json\/wp\/v2\/pages"}],"about":[{"href":"https:\/\/egemedet.com\/en\/wp-json\/wp\/v2\/types\/page"}],"author":[{"embeddable":true,"href":"https:\/\/egemedet.com\/en\/wp-json\/wp\/v2\/users\/1"}],"replies":[{"embeddable":true,"href":"https:\/\/egemedet.com\/en\/wp-json\/wp\/v2\/comments?post=4327"}],"version-history":[{"count":4,"href":"https:\/\/egemedet.com\/en\/wp-json\/wp\/v2\/pages\/4327\/revisions"}],"predecessor-version":[{"id":4373,"href":"https:\/\/egemedet.com\/en\/wp-json\/wp\/v2\/pages\/4327\/revisions\/4373"}],"wp:attachment":[{"href":"https:\/\/egemedet.com\/en\/wp-json\/wp\/v2\/media?parent=4327"}],"curies":[{"name":"wp","href":"https:\/\/api.w.org\/{rel}","templated":true}]}}