{"id":4318,"date":"2024-06-25T14:54:09","date_gmt":"2024-06-25T11:54:09","guid":{"rendered":"https:\/\/egemedet.com\/?page_id=4318"},"modified":"2024-06-25T16:09:29","modified_gmt":"2024-06-25T13:09:29","slug":"araba-2","status":"publish","type":"page","link":"https:\/\/egemedet.com\/en\/araba-2\/","title":{"rendered":"Car"},"content":{"rendered":"<div class=\"wpb-content-wrapper\"><section class=\"vc_section vc_custom_1719316434445\">\n\n\n\n<div class=\"cmt-row wpb_row vc_row-fluid cmt-zindex-0 vc_row container cmt-bgimage-position-center_center\">\n\n\t\t\n\t\t\n\t\t\n\n<div class=\"wpb_column cmt-column vc_column_container vc_col-sm-6 cmt-zindex-0\">\n\t<div class=\"vc_column-inner\">\n\t\t\t\t<div class=\"wpb_wrapper\">\n\t\t\t\n\t<div  class=\"wpb_single_image wpb_content_element vc_align_center wpb_content_element\">\n\t\t\n\t\t<figure class=\"wpb_wrapper vc_figure\">\n\t\t\t<div class=\"vc_single_image-wrapper vc_box_rounded  vc_box_border_grey\"><img loading=\"lazy\" decoding=\"async\" width=\"1200\" height=\"800\" src=\"https:\/\/egemedet.com\/wp-content\/uploads\/2024\/06\/arac-tasimaciligi.webp\" class=\"vc_single_image-img attachment-full\" alt=\"\" title=\"arac-tasimaciligi\" srcset=\"https:\/\/egemedet.com\/wp-content\/uploads\/2024\/06\/arac-tasimaciligi.webp 1200w, https:\/\/egemedet.com\/wp-content\/uploads\/2024\/06\/arac-tasimaciligi-300x200.webp 300w, https:\/\/egemedet.com\/wp-content\/uploads\/2024\/06\/arac-tasimaciligi-1024x683.webp 1024w, https:\/\/egemedet.com\/wp-content\/uploads\/2024\/06\/arac-tasimaciligi-768x512.webp 768w\" sizes=\"auto, (max-width: 1200px) 100vw, 1200px\" data-id=\"4320\" \/><\/div>\n\t\t<\/figure>\n\t<\/div>\n\t\t<\/div>\n\t<\/div>\n<\/div>\n\n\n\n\n\n<div class=\"wpb_column cmt-column vc_column_container vc_col-sm-6 cmt-zindex-0\">\n\t<div class=\"vc_column-inner\">\n\t\t\t\t<div class=\"wpb_wrapper\">\n\t\t\t<div class=\"cmt-element-heading-wrapper cmt-sboxheading-inner cmt-sboxelement-align-left cmt-seperator-none cmt-sboxheading-style-vertical\"><section class=\"cmt-sboxvc_cta3-container\"><div class=\"cmt-vc_general cmt-sboxvc_cta3 cmt-sboxcta3-only cmt-sboxvc_cta3-style-classic cmt-sboxvc_cta3-shape-rounded cmt-sboxvc_cta3-align-left cmt-sboxvc_cta3-color-transparent cmt-sboxvc_cta3-icon-size-md cmt-sboxvc_cta3-actions-no cmt-sboxcta3-with-desc\"><div class=\"cmt-vc_cta3_content-container\"><div class=\"cmt-vc_cta3-content\"><header class=\"cmt-vc_cta3-content-header cmt-section-wrapper\"><div class=\"cmt-sboxvc_cta3-headers cmt-section-wrapper-cell\"><h4 class=\"cmt-custom-heading\" >Ege Medet Car Transportation<\/h4>\n<h2 class=\"cmt-custom-heading\" >Reliable and Professional Solutions<\/h2>\n<\/div><div class=\"heading-seperator\"><span><\/span><\/div><\/header><div class=\"cmt-sboxcta3-content-wrapper\"><p>Ege Medet Car Transportation provides reliable and timely vehicle transportation services to its customers. Our company ensures safe transportation of vehicles using special transportation trucks and modern transportation technologies. We offer closed transportation options, especially for valuable or sensitive vehicles. Vehicles are transported and delivered safely, protected from external factors. Ege Medet also specializes in international car transportation. We offer complete logistics solutions for shipping vehicles to different countries.<\/p><\/div><\/div><\/div><\/div><\/section><\/div> <!-- .cmt-element-heading-wrapper container --> \r\n\t\t<div class=\"cmt-vc_btn3-container cmt-vc_btn3-inline\"><a class=\"cmt-vc_general cmt-vc_btn3 cmt-vc_btn3-size-md cmt-vc_btn3-shape-square cmt-vc_btn3-style-modern cmt-vc_btn3-weight-no cmt-vc_btn3-color-skincolor\" href=\"https:\/\/egemedet.com\/en\/teklif-al\/\" title=\"Teklif Al\">Get A Quote<\/a><\/div>\t\t<\/div>\n\t<\/div>\n<\/div>\n\n\n\n\t\t\n\t<\/div>\n\n\n\n\n\n\n\n<\/section>\n<\/div>","protected":false},"excerpt":{"rendered":"Ege Medet Araba Ta\u015f\u0131mac\u0131l\u0131\u011f\u0131 G\u00fcvenilir ve Profesyonel \u00c7\u00f6z\u00fcmler Ege Medet Araba Ta\u015f\u0131mac\u0131l\u0131\u011f\u0131, m\u00fc\u015fterilerine g\u00fcvenilir ve zaman\u0131nda ara\u00e7 ta\u015f\u0131ma hizmetleri sunar. Firmam\u0131z, \u00f6zel ta\u015f\u0131ma kamyonlar\u0131 ve modern ta\u015f\u0131ma teknolojileri kullanarak ara\u00e7lar\u0131n g\u00fcvenli bir \u015fekilde ta\u015f\u0131nmas\u0131n\u0131 sa\u011flar.\u00d6zellikle de\u011ferli veya hassas ara\u00e7lar i\u00e7in kapal\u0131 ta\u015f\u0131ma se\u00e7ene\u011fi sunar\u0131z. Ara\u00e7lar, d\u0131\u015f etkenlerden korunarak ta\u015f\u0131n\u0131r ve g\u00fcvenli bir \u015fekilde teslim edilir.Ege &hellip; <a href=\"https:\/\/egemedet.com\/en\/araba-2\/\" class=\"more-link\">Continue reading <span class=\"screen-reader-text\">Car<\/span><\/a>","protected":false},"author":1,"featured_media":0,"parent":0,"menu_order":0,"comment_status":"closed","ping_status":"closed","template":"","meta":{"_monsterinsights_skip_tracking":false,"_monsterinsights_sitenote_active":false,"_monsterinsights_sitenote_note":"","_monsterinsights_sitenote_category":0,"_joinchat":[],"footnotes":""},"class_list":["post-4318","page","type-page","status-publish","hentry"],"_links":{"self":[{"href":"https:\/\/egemedet.com\/en\/wp-json\/wp\/v2\/pages\/4318","targetHints":{"allow":["GET"]}}],"collection":[{"href":"https:\/\/egemedet.com\/en\/wp-json\/wp\/v2\/pages"}],"about":[{"href":"https:\/\/egemedet.com\/en\/wp-json\/wp\/v2\/types\/page"}],"author":[{"embeddable":true,"href":"https:\/\/egemedet.com\/en\/wp-json\/wp\/v2\/users\/1"}],"replies":[{"embeddable":true,"href":"https:\/\/egemedet.com\/en\/wp-json\/wp\/v2\/comments?post=4318"}],"version-history":[{"count":7,"href":"https:\/\/egemedet.com\/en\/wp-json\/wp\/v2\/pages\/4318\/revisions"}],"predecessor-version":[{"id":4371,"href":"https:\/\/egemedet.com\/en\/wp-json\/wp\/v2\/pages\/4318\/revisions\/4371"}],"wp:attachment":[{"href":"https:\/\/egemedet.com\/en\/wp-json\/wp\/v2\/media?parent=4318"}],"curies":[{"name":"wp","href":"https:\/\/api.w.org\/{rel}","templated":true}]}}